{"id":22,"date":"2024-03-28T06:44:09","date_gmt":"2024-03-28T05:44:09","guid":{"rendered":"https:\/\/hnutigenerace.200.solutions.uvirt131.active24.cz\/?page_id=22"},"modified":"2025-01-24T02:47:47","modified_gmt":"2025-01-24T01:47:47","slug":"program","status":"publish","type":"page","link":"https:\/\/hnutigenerace.200.solutions\/?page_id=22","title":{"rendered":"N\u00e1\u0161 program"},"content":{"rendered":"<section class=\"bde-section-22-121 bde-section\">\n  \n\t\n\n\n\n<div class=\"section-container\"><div class=\"bde-div-22-125 bde-div\">\n  \n\t\n\n\n\n<div class=\"bde-columns-22-122 bde-columns\"><div class=\"bde-column-22-123 bde-column\">\n  \n\t\n\n\n\n<h3 class=\"bde-heading-22-127 bde-heading\">\nFinance\n<\/h3><div class=\"bde-text-22-128 bde-text\">\nJeden bili\u00f3n za 3 roky, to je rychlost, kterou si nem\u016f\u017eeme dovolit se zadlu\u017eovat.\n<\/div><div class=\"bde-button-22-141 bde-button\">\n    \n                                    \n    \n    \n    \n    \n            \n                    \n            \n            \n\n    \n    \n    \n    \n    \n    <a class=\"breakdance-link button-atom button-atom--custom bde-button__button\" href=\"https:\/\/hnutigenerace.200.solutions\/finance\/\" target=\"_self\" data-type=\"url\"  >\n\n    \n        <span class=\"button-atom__text\">\u010c\u00edst v\u00edce<\/span>\n\n        \n        \n                <\/a>\n\n    \n\n\n<\/div>\n<\/div><div class=\"bde-column-22-124 bde-column\">\n              \n  \n\t\n\n\n\n<div class=\"bde-image-22-126 bde-image\">\n<figure class=\"breakdance-image breakdance-image--737\">\n\t<div class=\"breakdance-image-container\">\n\t\t<div class=\"breakdance-image-clip\"><img loading=\"lazy\" decoding=\"async\" class=\"breakdance-image-object\" src=\"https:\/\/hnutigenerace.200.solutions\/wp-content\/uploads\/2024\/05\/dan-2.png\" width=\"2290\" height=\"2272\" srcset=\"https:\/\/hnutigenerace.200.solutions\/wp-content\/uploads\/2024\/05\/dan-2.png 2290w, https:\/\/hnutigenerace.200.solutions\/wp-content\/uploads\/2024\/05\/dan-2-300x298.png 300w, https:\/\/hnutigenerace.200.solutions\/wp-content\/uploads\/2024\/05\/dan-2-1024x1016.png 1024w, https:\/\/hnutigenerace.200.solutions\/wp-content\/uploads\/2024\/05\/dan-2-150x150.png 150w, https:\/\/hnutigenerace.200.solutions\/wp-content\/uploads\/2024\/05\/dan-2-768x762.png 768w, https:\/\/hnutigenerace.200.solutions\/wp-content\/uploads\/2024\/05\/dan-2-1536x1524.png 1536w, https:\/\/hnutigenerace.200.solutions\/wp-content\/uploads\/2024\/05\/dan-2-2048x2032.png 2048w, https:\/\/hnutigenerace.200.solutions\/wp-content\/uploads\/2024\/05\/dan-2-600x595.png 600w, https:\/\/hnutigenerace.200.solutions\/wp-content\/uploads\/2024\/05\/dan-2-100x100.png 100w\" sizes=\"auto, (max-width: 2290px) 100vw, 2290px\"><\/div>\n\t<\/div><\/figure>\n\n<\/div>\n<\/div><\/div>\n<\/div><div class=\"bde-div-22-130 bde-div\">\n  \n\t\n\n\n\n<div class=\"bde-columns-22-134 bde-columns\"><div class=\"bde-column-22-135 bde-column\">\n  \n\t\n\n\n\n<div class=\"bde-div-22-171 bde-div\">\n  \n\t\n\n\n\n<h3 class=\"bde-heading-22-137 bde-heading\">\nDoprava\n<\/h3><div class=\"bde-text-22-138 bde-text\">\nMobilitu mus\u00edme br\u00e1t jako celek, a tak s n\u00ed pracovat.\n<\/div>\n<\/div><div class=\"bde-button-22-142 bde-button\">\n    \n                                    \n    \n    \n    \n    \n            \n                    \n            \n            \n\n    \n    \n    \n    \n    \n    <a class=\"breakdance-link button-atom button-atom--custom bde-button__button\" href=\"https:\/\/hnutigenerace.200.solutions\/program\/doprava\/\" target=\"_self\" data-type=\"url\"  >\n\n    \n        <span class=\"button-atom__text\">\u010c\u00edst v\u00edce<\/span>\n\n        \n        \n                <\/a>\n\n    \n\n\n<\/div>\n<\/div><\/div>\n<\/div><div class=\"bde-div-22-155 bde-div\">\n  \n\t\n\n\n\n<div class=\"bde-columns-22-156 bde-columns\"><div class=\"bde-column-22-157 bde-column\">\n  \n\t\n\n\n\n<div class=\"bde-div-22-172 bde-div\">\n  \n\t\n\n\n\n<h3 class=\"bde-heading-22-158 bde-heading\">\nOchrana demokracie\n<\/h3><div class=\"bde-text-22-159 bde-text\">\nVzhledem k rozs\u00e1hl\u00e9mu \u0161\u00ed\u0159en\u00ed dezinformac\u00ed ji\u017e ob\u010dan\u00e9 nejsou schopni rozeznat le\u017e od pravdy.\n<\/div>\n<\/div><div class=\"bde-button-22-160 bde-button\">\n    \n                                    \n    \n    \n    \n    \n            \n                    \n            \n            \n\n    \n    \n    \n    \n    \n    <a class=\"breakdance-link button-atom button-atom--custom bde-button__button\" href=\"https:\/\/hnutigenerace.200.solutions\/program\/ochrana-demokracie\/\" target=\"_self\" data-type=\"url\"  >\n\n    \n        <span class=\"button-atom__text\">\u010c\u00edst v\u00edce<\/span>\n\n        \n        \n                <\/a>\n\n    \n\n\n<\/div>\n<\/div><div class=\"bde-column-22-165 bde-column\">\n  \n\t\n\n\n\n<div class=\"bde-div-22-169 bde-div\">\n  \n\t\n\n\n\n<h3 class=\"bde-heading-22-166 bde-heading\">\nCel\u00fd program\n<\/h3><div class=\"bde-text-22-167 bde-text\">\nSeznamte se s cel\u00fdm na\u0161\u00edm programem.\n<\/div>\n<\/div><div class=\"bde-button-22-168 bde-button\">\n    \n                                    \n    \n    \n    \n    \n            \n                    \n            \n            \n\n    \n    \n    \n    \n    \n    <a class=\"breakdance-link button-atom button-atom--custom bde-button__button\" href=\"https:\/\/hnutigenerace.200.solutions\/wp-content\/uploads\/2025\/01\/teze_hnuti_generace_2025.pdf\" target=\"_self\" data-type=\"url\"  >\n\n    \n        <span class=\"button-atom__text\">\u010c\u00edst v\u00edce<\/span>\n\n        \n        \n                <\/a>\n\n    \n\n\n<\/div>\n<\/div><\/div>\n<\/div><\/div>\n<\/section>","protected":false},"excerpt":{"rendered":"<p>Finance Jeden bili\u00f3n za 3 roky, to je rychlost, kterou si nem\u016f\u017eeme dovolit se zadlu\u017eovat. \u010c\u00edst&#8230;<\/p>\n","protected":false},"author":1,"featured_media":0,"parent":0,"menu_order":0,"comment_status":"closed","ping_status":"closed","template":"","meta":{"_acf_changed":false,"inline_featured_image":false,"_breakdance_hide_in_design_set":false,"_breakdance_tags":"","footnotes":"","_links_to":"","_links_to_target":""},"class_list":["post-22","page","type-page","status-publish","hentry"],"acf":[],"yoast_head":"<!-- This site is optimized with the Yoast SEO plugin v23.9 - https:\/\/yoast.com\/wordpress\/plugins\/seo\/ -->\n<title>N\u00e1\u0161 program - Hnut\u00ed Generace<\/title>\n<meta name=\"robots\" content=\"index, follow, max-snippet:-1, max-image-preview:large, max-video-preview:-1\" \/>\n<link rel=\"canonical\" href=\"https:\/\/hnutigenerace.200.solutions\/?page_id=22\" \/>\n<meta property=\"og:locale\" content=\"cs_CZ\" \/>\n<meta property=\"og:type\" content=\"article\" \/>\n<meta property=\"og:title\" content=\"N\u00e1\u0161 program - Hnut\u00ed Generace\" \/>\n<meta property=\"og:description\" content=\"Finance Jeden bili\u00f3n za 3 roky, to je rychlost, kterou si nem\u016f\u017eeme dovolit se zadlu\u017eovat. \u010c\u00edst...\" \/>\n<meta property=\"og:url\" content=\"https:\/\/hnutigenerace.200.solutions\/?page_id=22\" \/>\n<meta property=\"og:site_name\" content=\"Hnut\u00ed Generace\" \/>\n<meta property=\"article:modified_time\" content=\"2025-01-24T01:47:47+00:00\" \/>\n<meta name=\"twitter:card\" content=\"summary_large_image\" \/>\n<script type=\"application\/ld+json\" class=\"yoast-schema-graph\">{\"@context\":\"https:\/\/schema.org\",\"@graph\":[{\"@type\":\"WebPage\",\"@id\":\"https:\/\/hnutigenerace.200.solutions\/?page_id=22\",\"url\":\"https:\/\/hnutigenerace.200.solutions\/?page_id=22\",\"name\":\"N\u00e1\u0161 program - Hnut\u00ed Generace\",\"isPartOf\":{\"@id\":\"https:\/\/hnutigenerace.200.solutions\/#website\"},\"datePublished\":\"2024-03-28T05:44:09+00:00\",\"dateModified\":\"2025-01-24T01:47:47+00:00\",\"breadcrumb\":{\"@id\":\"https:\/\/hnutigenerace.200.solutions\/?page_id=22#breadcrumb\"},\"inLanguage\":\"cs\",\"potentialAction\":[{\"@type\":\"ReadAction\",\"target\":[\"https:\/\/hnutigenerace.200.solutions\/?page_id=22\"]}]},{\"@type\":\"BreadcrumbList\",\"@id\":\"https:\/\/hnutigenerace.200.solutions\/?page_id=22#breadcrumb\",\"itemListElement\":[{\"@type\":\"ListItem\",\"position\":1,\"name\":\"Dom\u016f\",\"item\":\"https:\/\/hnutigenerace.200.solutions\/\"},{\"@type\":\"ListItem\",\"position\":2,\"name\":\"N\u00e1\u0161 program\"}]},{\"@type\":\"WebSite\",\"@id\":\"https:\/\/hnutigenerace.200.solutions\/#website\",\"url\":\"https:\/\/hnutigenerace.200.solutions\/\",\"name\":\"Hnut\u00ed Generace\",\"description\":\"Chr\u00e1n\u00edme demokracii a n\u00e1rodn\u00ed z\u00e1jmy\",\"potentialAction\":[{\"@type\":\"SearchAction\",\"target\":{\"@type\":\"EntryPoint\",\"urlTemplate\":\"https:\/\/hnutigenerace.200.solutions\/?s={search_term_string}\"},\"query-input\":{\"@type\":\"PropertyValueSpecification\",\"valueRequired\":true,\"valueName\":\"search_term_string\"}}],\"inLanguage\":\"cs\"}]}<\/script>\n<!-- \/ Yoast SEO plugin. -->","yoast_head_json":{"title":"N\u00e1\u0161 program - Hnut\u00ed Generace","robots":{"index":"index","follow":"follow","max-snippet":"max-snippet:-1","max-image-preview":"max-image-preview:large","max-video-preview":"max-video-preview:-1"},"canonical":"https:\/\/hnutigenerace.200.solutions\/?page_id=22","og_locale":"cs_CZ","og_type":"article","og_title":"N\u00e1\u0161 program - Hnut\u00ed Generace","og_description":"Finance Jeden bili\u00f3n za 3 roky, to je rychlost, kterou si nem\u016f\u017eeme dovolit se zadlu\u017eovat. \u010c\u00edst...","og_url":"https:\/\/hnutigenerace.200.solutions\/?page_id=22","og_site_name":"Hnut\u00ed Generace","article_modified_time":"2025-01-24T01:47:47+00:00","twitter_card":"summary_large_image","schema":{"@context":"https:\/\/schema.org","@graph":[{"@type":"WebPage","@id":"https:\/\/hnutigenerace.200.solutions\/?page_id=22","url":"https:\/\/hnutigenerace.200.solutions\/?page_id=22","name":"N\u00e1\u0161 program - Hnut\u00ed Generace","isPartOf":{"@id":"https:\/\/hnutigenerace.200.solutions\/#website"},"datePublished":"2024-03-28T05:44:09+00:00","dateModified":"2025-01-24T01:47:47+00:00","breadcrumb":{"@id":"https:\/\/hnutigenerace.200.solutions\/?page_id=22#breadcrumb"},"inLanguage":"cs","potentialAction":[{"@type":"ReadAction","target":["https:\/\/hnutigenerace.200.solutions\/?page_id=22"]}]},{"@type":"BreadcrumbList","@id":"https:\/\/hnutigenerace.200.solutions\/?page_id=22#breadcrumb","itemListElement":[{"@type":"ListItem","position":1,"name":"Dom\u016f","item":"https:\/\/hnutigenerace.200.solutions\/"},{"@type":"ListItem","position":2,"name":"N\u00e1\u0161 program"}]},{"@type":"WebSite","@id":"https:\/\/hnutigenerace.200.solutions\/#website","url":"https:\/\/hnutigenerace.200.solutions\/","name":"Hnut\u00ed Generace","description":"Chr\u00e1n\u00edme demokracii a n\u00e1rodn\u00ed z\u00e1jmy","potentialAction":[{"@type":"SearchAction","target":{"@type":"EntryPoint","urlTemplate":"https:\/\/hnutigenerace.200.solutions\/?s={search_term_string}"},"query-input":{"@type":"PropertyValueSpecification","valueRequired":true,"valueName":"search_term_string"}}],"inLanguage":"cs"}]}},"_links":{"self":[{"href":"https:\/\/hnutigenerace.200.solutions\/index.php?rest_route=\/wp\/v2\/pages\/22","targetHints":{"allow":["GET"]}}],"collection":[{"href":"https:\/\/hnutigenerace.200.solutions\/index.php?rest_route=\/wp\/v2\/pages"}],"about":[{"href":"https:\/\/hnutigenerace.200.solutions\/index.php?rest_route=\/wp\/v2\/types\/page"}],"author":[{"embeddable":true,"href":"https:\/\/hnutigenerace.200.solutions\/index.php?rest_route=\/wp\/v2\/users\/1"}],"replies":[{"embeddable":true,"href":"https:\/\/hnutigenerace.200.solutions\/index.php?rest_route=%2Fwp%2Fv2%2Fcomments&post=22"}],"version-history":[{"count":55,"href":"https:\/\/hnutigenerace.200.solutions\/index.php?rest_route=\/wp\/v2\/pages\/22\/revisions"}],"predecessor-version":[{"id":2472,"href":"https:\/\/hnutigenerace.200.solutions\/index.php?rest_route=\/wp\/v2\/pages\/22\/revisions\/2472"}],"wp:attachment":[{"href":"https:\/\/hnutigenerace.200.solutions\/index.php?rest_route=%2Fwp%2Fv2%2Fmedia&parent=22"}],"curies":[{"name":"wp","href":"https:\/\/api.w.org\/{rel}","templated":true}]}}