{"id":28,"date":"2024-03-28T06:44:48","date_gmt":"2024-03-28T05:44:48","guid":{"rendered":"https:\/\/hnutigenerace.200.solutions.uvirt131.active24.cz\/?page_id=28"},"modified":"2025-04-04T21:32:19","modified_gmt":"2025-04-04T19:32:19","slug":"kontakt","status":"publish","type":"page","link":"https:\/\/hnutigenerace.200.solutions\/?page_id=28","title":{"rendered":"Kontakty"},"content":{"rendered":"<section class=\"bde-section-28-100 bde-section\">\n  \n\t\n\n\n\n<div class=\"section-container\"><div class=\"bde-div-28-114 bde-div\">\n  \n\t\n\n\n\n<h2 class=\"bde-heading-28-116 bde-heading\">\nPo\u0161lete n\u00e1m zpr\u00e1vu\n<\/h2><div class=\"bde-text-28-117 bde-text\">\nZaj\u00edm\u00e1 n\u00e1s V\u00e1\u0161 n\u00e1zor. Napi\u0161te n\u00e1m, co V\u00e1s tr\u00e1p\u00ed nebo co chcete v\u011bd\u011bt. Jsme tu pro V\u00e1s.\n<\/div>\n<\/div><div class=\"bde-form-builder-28-118 bde-form-builder\">\n\n\n<form id=\"contact-form118\" class=\"breakdance-form breakdance-form--vertical \" data-options=\"{&quot;slug&quot;:&quot;custom&quot;,&quot;name&quot;:&quot;Contact Form&quot;,&quot;ajaxUrl&quot;:&quot;https:\\\/\\\/hnutigenerace.200.solutions\\\/wp-admin\\\/admin-ajax.php&quot;,&quot;clearOnSuccess&quot;:true,&quot;hideOnSuccess&quot;:false,&quot;successMessage&quot;:&quot;D\\u011bkujeme za Va\\u0161i zpr\\u00e1vu! Ozveme se V\\u00e1m co nejd\\u0159\\u00edve.&quot;,&quot;errorMessage&quot;:&quot;Omlouv\\u00e1me se, ale bohu\\u017eel se n\\u011bco pokazilo. Zkuste to pros\\u00edm pozd\\u011bji.&quot;,&quot;redirect&quot;:false,&quot;redirectUrl&quot;:&quot;&quot;,&quot;customJavaScript&quot;:&quot;&quot;,&quot;recaptcha&quot;:{&quot;key&quot;:&quot;&quot;,&quot;enabled&quot;:false},&quot;honeypot_enabled&quot;:false,&quot;popupsOnSuccess&quot;:[],&quot;popupsOnError&quot;:[]}\" data-steps=\"0\" >\n  \n  \n  \n<div class=\"breakdance-form-field breakdance-form-field--text\" >\n    \n    \n            <label class=\"breakdance-form-field__label\" for=\"name\">\n            Name<span class=\"breakdance-form-field__required\">*<\/span>\n        <\/label>\n    \n    <input\n    class=\"breakdance-form-field__input\"\n    id=\"name\"\n    aria-describedby=\"name\"\n    type=\"text\"\n    name=\"fields[name]\"\n    placeholder=\"Jan Nov\u00e1k\"\n    value=\"\"\n                \n        \n        \n    required\n    \n    \n>\n\n\n    \n    \n<\/div>\n\n\n<div class=\"breakdance-form-field breakdance-form-field--email\" >\n    \n    \n            <label class=\"breakdance-form-field__label\" for=\"email\">\n            Email<span class=\"breakdance-form-field__required\">*<\/span>\n        <\/label>\n    \n    <input\n    class=\"breakdance-form-field__input\"\n    id=\"email\"\n    aria-describedby=\"email\"\n    type=\"email\"\n    name=\"fields[email]\"\n    placeholder=\"jan.novak@email.cz\"\n    value=\"\"\n                \n        \n        \n    required\n    \n    \n>\n\n\n    \n    \n<\/div>\n\n\n<div class=\"breakdance-form-field breakdance-form-field--textarea\" >\n    \n    \n            <label class=\"breakdance-form-field__label\" for=\"message\">\n            Message<span class=\"breakdance-form-field__required\">*<\/span>\n        <\/label>\n    \n    <textarea\n    class=\"breakdance-form-field__input\"\n    id=\"message\"\n    aria-describedby=\"message\"\n    type=\"textarea\"\n    name=\"fields[message]\"\n        placeholder=\"Va\u0161e zpr\u00e1va\"\n    required\n    >\n<\/textarea>\n\n\n    \n    \n<\/div>\n\n\n  \n\n<div class=\"breakdance-form-field breakdance-form-footer\">\n    \n    \n                                    \n    \n    \n    \n    \n            \n            <button type=\"submit\" class=\"button-atom button-atom--primary breakdance-form-button breakdance-form-button__submit\"  >\n    \n        <span class=\"button-atom__text\">Odeslat zpr\u00e1vu<\/span>\n\n        \n        \n            <\/button>\n    \n    <input type=\"hidden\" name=\"form_id\" value=\"118\">\n    <input type=\"hidden\" name=\"post_id\" value=\"28\">\n<\/div>\n\n  \n<\/form>\n\n\n\n<\/div><div class=\"bde-fancy-divider-28-111 bde-fancy-divider\">\n\n\n<div class=\"bde-fancy-divider__wrapper\">\n  <div class=\"bde-fancy-divider__separator   \">\n  \t  <\/div>\n<\/div>\n\n<\/div><div class=\"bde-logo-list-28-112 bde-logo-list un-image-carousel-container\">\n\n  <div class=\"un-logo-bar__marquee-content carousel-type__infinite\">\n                            <div class=\"un-logo-bar__logo-wrapper\">\n          <img loading=\"lazy\" decoding=\"async\" class=\"breakdance-image-object\" src=\"https:\/\/hnutigenerace.200.solutions\/wp-content\/uploads\/2024\/11\/Group-10.png\" width=\"526\" height=\"78\" srcset=\"https:\/\/hnutigenerace.200.solutions\/wp-content\/uploads\/2024\/11\/Group-10.png 526w, https:\/\/hnutigenerace.200.solutions\/wp-content\/uploads\/2024\/11\/Group-10-300x44.png 300w\" sizes=\"auto, (max-width: 526px) 100vw, 526px\">\n        <\/div>\n                              <div class=\"un-logo-bar__logo-wrapper\">\n          <img loading=\"lazy\" decoding=\"async\" class=\"breakdance-image-object\" src=\"https:\/\/hnutigenerace.200.solutions\/wp-content\/uploads\/2024\/11\/Group-8.png\" width=\"722\" height=\"78\" srcset=\"https:\/\/hnutigenerace.200.solutions\/wp-content\/uploads\/2024\/11\/Group-8.png 722w, https:\/\/hnutigenerace.200.solutions\/wp-content\/uploads\/2024\/11\/Group-8-300x32.png 300w, https:\/\/hnutigenerace.200.solutions\/wp-content\/uploads\/2024\/11\/Group-8-600x65.png 600w\" sizes=\"auto, (max-width: 722px) 100vw, 722px\">\n        <\/div>\n                              <div class=\"un-logo-bar__logo-wrapper\">\n          <img loading=\"lazy\" decoding=\"async\" class=\"breakdance-image-object\" src=\"https:\/\/hnutigenerace.200.solutions\/wp-content\/uploads\/2024\/11\/Group-7.png\" width=\"764\" height=\"78\" srcset=\"https:\/\/hnutigenerace.200.solutions\/wp-content\/uploads\/2024\/11\/Group-7.png 764w, https:\/\/hnutigenerace.200.solutions\/wp-content\/uploads\/2024\/11\/Group-7-300x31.png 300w, https:\/\/hnutigenerace.200.solutions\/wp-content\/uploads\/2024\/11\/Group-7-600x61.png 600w\" sizes=\"auto, (max-width: 764px) 100vw, 764px\">\n        <\/div>\n                                        <div class=\"un-logo-bar__logo-wrapper\">\n          <img loading=\"lazy\" decoding=\"async\" class=\"breakdance-image-object\" src=\"https:\/\/hnutigenerace.200.solutions\/wp-content\/uploads\/2024\/11\/Group-10.png\" width=\"526\" height=\"78\" srcset=\"https:\/\/hnutigenerace.200.solutions\/wp-content\/uploads\/2024\/11\/Group-10.png 526w, https:\/\/hnutigenerace.200.solutions\/wp-content\/uploads\/2024\/11\/Group-10-300x44.png 300w\" sizes=\"auto, (max-width: 526px) 100vw, 526px\">\n        <\/div>\n                              <div class=\"un-logo-bar__logo-wrapper\">\n          <img loading=\"lazy\" decoding=\"async\" class=\"breakdance-image-object\" src=\"https:\/\/hnutigenerace.200.solutions\/wp-content\/uploads\/2024\/11\/Group-8.png\" width=\"722\" height=\"78\" srcset=\"https:\/\/hnutigenerace.200.solutions\/wp-content\/uploads\/2024\/11\/Group-8.png 722w, https:\/\/hnutigenerace.200.solutions\/wp-content\/uploads\/2024\/11\/Group-8-300x32.png 300w, https:\/\/hnutigenerace.200.solutions\/wp-content\/uploads\/2024\/11\/Group-8-600x65.png 600w\" sizes=\"auto, (max-width: 722px) 100vw, 722px\">\n        <\/div>\n                              <div class=\"un-logo-bar__logo-wrapper\">\n          <img loading=\"lazy\" decoding=\"async\" class=\"breakdance-image-object\" src=\"https:\/\/hnutigenerace.200.solutions\/wp-content\/uploads\/2024\/11\/Group-7.png\" width=\"764\" height=\"78\" srcset=\"https:\/\/hnutigenerace.200.solutions\/wp-content\/uploads\/2024\/11\/Group-7.png 764w, https:\/\/hnutigenerace.200.solutions\/wp-content\/uploads\/2024\/11\/Group-7-300x31.png 300w, https:\/\/hnutigenerace.200.solutions\/wp-content\/uploads\/2024\/11\/Group-7-600x61.png 600w\" sizes=\"auto, (max-width: 764px) 100vw, 764px\">\n        <\/div>\n                                        <div class=\"un-logo-bar__logo-wrapper\">\n          <img loading=\"lazy\" decoding=\"async\" class=\"breakdance-image-object\" src=\"https:\/\/hnutigenerace.200.solutions\/wp-content\/uploads\/2024\/11\/Group-10.png\" width=\"526\" height=\"78\" srcset=\"https:\/\/hnutigenerace.200.solutions\/wp-content\/uploads\/2024\/11\/Group-10.png 526w, https:\/\/hnutigenerace.200.solutions\/wp-content\/uploads\/2024\/11\/Group-10-300x44.png 300w\" sizes=\"auto, (max-width: 526px) 100vw, 526px\">\n        <\/div>\n                              <div class=\"un-logo-bar__logo-wrapper\">\n          <img loading=\"lazy\" decoding=\"async\" class=\"breakdance-image-object\" src=\"https:\/\/hnutigenerace.200.solutions\/wp-content\/uploads\/2024\/11\/Group-8.png\" width=\"722\" height=\"78\" srcset=\"https:\/\/hnutigenerace.200.solutions\/wp-content\/uploads\/2024\/11\/Group-8.png 722w, https:\/\/hnutigenerace.200.solutions\/wp-content\/uploads\/2024\/11\/Group-8-300x32.png 300w, https:\/\/hnutigenerace.200.solutions\/wp-content\/uploads\/2024\/11\/Group-8-600x65.png 600w\" sizes=\"auto, (max-width: 722px) 100vw, 722px\">\n        <\/div>\n                              <div class=\"un-logo-bar__logo-wrapper\">\n          <img loading=\"lazy\" decoding=\"async\" class=\"breakdance-image-object\" src=\"https:\/\/hnutigenerace.200.solutions\/wp-content\/uploads\/2024\/11\/Group-7.png\" width=\"764\" height=\"78\" srcset=\"https:\/\/hnutigenerace.200.solutions\/wp-content\/uploads\/2024\/11\/Group-7.png 764w, https:\/\/hnutigenerace.200.solutions\/wp-content\/uploads\/2024\/11\/Group-7-300x31.png 300w, https:\/\/hnutigenerace.200.solutions\/wp-content\/uploads\/2024\/11\/Group-7-600x61.png 600w\" sizes=\"auto, (max-width: 764px) 100vw, 764px\">\n        <\/div>\n                                        <div class=\"un-logo-bar__logo-wrapper\">\n          <img loading=\"lazy\" decoding=\"async\" class=\"breakdance-image-object\" src=\"https:\/\/hnutigenerace.200.solutions\/wp-content\/uploads\/2024\/11\/Group-10.png\" width=\"526\" height=\"78\" srcset=\"https:\/\/hnutigenerace.200.solutions\/wp-content\/uploads\/2024\/11\/Group-10.png 526w, https:\/\/hnutigenerace.200.solutions\/wp-content\/uploads\/2024\/11\/Group-10-300x44.png 300w\" sizes=\"auto, (max-width: 526px) 100vw, 526px\">\n        <\/div>\n                              <div class=\"un-logo-bar__logo-wrapper\">\n          <img loading=\"lazy\" decoding=\"async\" class=\"breakdance-image-object\" src=\"https:\/\/hnutigenerace.200.solutions\/wp-content\/uploads\/2024\/11\/Group-8.png\" width=\"722\" height=\"78\" srcset=\"https:\/\/hnutigenerace.200.solutions\/wp-content\/uploads\/2024\/11\/Group-8.png 722w, https:\/\/hnutigenerace.200.solutions\/wp-content\/uploads\/2024\/11\/Group-8-300x32.png 300w, https:\/\/hnutigenerace.200.solutions\/wp-content\/uploads\/2024\/11\/Group-8-600x65.png 600w\" sizes=\"auto, (max-width: 722px) 100vw, 722px\">\n        <\/div>\n                              <div class=\"un-logo-bar__logo-wrapper\">\n          <img loading=\"lazy\" decoding=\"async\" class=\"breakdance-image-object\" src=\"https:\/\/hnutigenerace.200.solutions\/wp-content\/uploads\/2024\/11\/Group-7.png\" width=\"764\" height=\"78\" srcset=\"https:\/\/hnutigenerace.200.solutions\/wp-content\/uploads\/2024\/11\/Group-7.png 764w, https:\/\/hnutigenerace.200.solutions\/wp-content\/uploads\/2024\/11\/Group-7-300x31.png 300w, https:\/\/hnutigenerace.200.solutions\/wp-content\/uploads\/2024\/11\/Group-7-600x61.png 600w\" sizes=\"auto, (max-width: 764px) 100vw, 764px\">\n        <\/div>\n                                        <div class=\"un-logo-bar__logo-wrapper\">\n          <img loading=\"lazy\" decoding=\"async\" class=\"breakdance-image-object\" src=\"https:\/\/hnutigenerace.200.solutions\/wp-content\/uploads\/2024\/11\/Group-10.png\" width=\"526\" height=\"78\" srcset=\"https:\/\/hnutigenerace.200.solutions\/wp-content\/uploads\/2024\/11\/Group-10.png 526w, https:\/\/hnutigenerace.200.solutions\/wp-content\/uploads\/2024\/11\/Group-10-300x44.png 300w\" sizes=\"auto, (max-width: 526px) 100vw, 526px\">\n        <\/div>\n                              <div class=\"un-logo-bar__logo-wrapper\">\n          <img loading=\"lazy\" decoding=\"async\" class=\"breakdance-image-object\" src=\"https:\/\/hnutigenerace.200.solutions\/wp-content\/uploads\/2024\/11\/Group-8.png\" width=\"722\" height=\"78\" srcset=\"https:\/\/hnutigenerace.200.solutions\/wp-content\/uploads\/2024\/11\/Group-8.png 722w, https:\/\/hnutigenerace.200.solutions\/wp-content\/uploads\/2024\/11\/Group-8-300x32.png 300w, https:\/\/hnutigenerace.200.solutions\/wp-content\/uploads\/2024\/11\/Group-8-600x65.png 600w\" sizes=\"auto, (max-width: 722px) 100vw, 722px\">\n        <\/div>\n                              <div class=\"un-logo-bar__logo-wrapper\">\n          <img loading=\"lazy\" decoding=\"async\" class=\"breakdance-image-object\" src=\"https:\/\/hnutigenerace.200.solutions\/wp-content\/uploads\/2024\/11\/Group-7.png\" width=\"764\" height=\"78\" srcset=\"https:\/\/hnutigenerace.200.solutions\/wp-content\/uploads\/2024\/11\/Group-7.png 764w, https:\/\/hnutigenerace.200.solutions\/wp-content\/uploads\/2024\/11\/Group-7-300x31.png 300w, https:\/\/hnutigenerace.200.solutions\/wp-content\/uploads\/2024\/11\/Group-7-600x61.png 600w\" sizes=\"auto, (max-width: 764px) 100vw, 764px\">\n        <\/div>\n                                        <div class=\"un-logo-bar__logo-wrapper\">\n          <img loading=\"lazy\" decoding=\"async\" class=\"breakdance-image-object\" src=\"https:\/\/hnutigenerace.200.solutions\/wp-content\/uploads\/2024\/11\/Group-10.png\" width=\"526\" height=\"78\" srcset=\"https:\/\/hnutigenerace.200.solutions\/wp-content\/uploads\/2024\/11\/Group-10.png 526w, https:\/\/hnutigenerace.200.solutions\/wp-content\/uploads\/2024\/11\/Group-10-300x44.png 300w\" sizes=\"auto, (max-width: 526px) 100vw, 526px\">\n        <\/div>\n                              <div class=\"un-logo-bar__logo-wrapper\">\n          <img loading=\"lazy\" decoding=\"async\" class=\"breakdance-image-object\" src=\"https:\/\/hnutigenerace.200.solutions\/wp-content\/uploads\/2024\/11\/Group-8.png\" width=\"722\" height=\"78\" srcset=\"https:\/\/hnutigenerace.200.solutions\/wp-content\/uploads\/2024\/11\/Group-8.png 722w, https:\/\/hnutigenerace.200.solutions\/wp-content\/uploads\/2024\/11\/Group-8-300x32.png 300w, https:\/\/hnutigenerace.200.solutions\/wp-content\/uploads\/2024\/11\/Group-8-600x65.png 600w\" sizes=\"auto, (max-width: 722px) 100vw, 722px\">\n        <\/div>\n                              <div class=\"un-logo-bar__logo-wrapper\">\n          <img loading=\"lazy\" decoding=\"async\" class=\"breakdance-image-object\" src=\"https:\/\/hnutigenerace.200.solutions\/wp-content\/uploads\/2024\/11\/Group-7.png\" width=\"764\" height=\"78\" srcset=\"https:\/\/hnutigenerace.200.solutions\/wp-content\/uploads\/2024\/11\/Group-7.png 764w, https:\/\/hnutigenerace.200.solutions\/wp-content\/uploads\/2024\/11\/Group-7-300x31.png 300w, https:\/\/hnutigenerace.200.solutions\/wp-content\/uploads\/2024\/11\/Group-7-600x61.png 600w\" sizes=\"auto, (max-width: 764px) 100vw, 764px\">\n        <\/div>\n                      <\/div>\n<\/div><div class=\"bde-fancy-divider-28-113 bde-fancy-divider\">\n\n\n<div class=\"bde-fancy-divider__wrapper\">\n  <div class=\"bde-fancy-divider__separator   \">\n  \t  <\/div>\n<\/div>\n\n<\/div><div class=\"bde-columns-28-133 bde-columns\"><div class=\"bde-column-28-134 bde-column\">\n  \n\t\n\n\n\n<h3 class=\"bde-heading-28-135 bde-heading\">\nHnut\u00ed generace - email\n<\/h3><div class=\"bde-text-28-136 bde-text\">\ninfo@hnutigenerace.200.solutions<br><a href=\"tel:+420777704476\">+420 777 704 476<\/a>\n<\/div>\n<\/div><\/div><div class=\"bde-columns-28-126 bde-columns\"><div class=\"bde-column-28-127 bde-column\">\n  \n\t\n\n\n\n<h3 class=\"bde-heading-28-128 bde-heading\">\nKontakt pro m\u00e9dia\n<\/h3><div class=\"bde-text-28-129 bde-text\">\nRoman Hr\u016fza<br>PR manager<br><a href='tel:+420777657511'>+420 777 657 511<\/a><br><a href='mailto:media@hnutigenerace.200.solutions'>media@hnutigenerace.200.solutions<\/a>  <br><a href='mailto:romanhruza@hnutigenerace.200.solutions'>romanhruza@hnutigenerace.200.solutions<\/a><br>\n<\/div>\n<\/div><div class=\"bde-column-28-130 bde-column\">\n  \n\t\n\n\n\n<h3 class=\"bde-heading-28-131 bde-heading\">\nTiskov\u00e1 mluv\u010d\u00ed\n<\/h3><div class=\"bde-text-28-132 bde-text\">\nR\u00f3za Bennett<br>Tiskov\u00e1 mluv\u010d\u00ed<br><a href='tel:+420736672115'>+420 736 672 115<\/a><br><a href='mailto:media@hnutigenerace.200.solutions'>media@hnutigenerace.200.solutions<\/a>    <br><a href='mailto:rozabennett@hnutigenerace.200.solutions'>rozabennett@hnutigenerace.200.solutions<\/a>\n<\/div>\n<\/div><\/div><\/div>\n<\/section>","protected":false},"excerpt":{"rendered":"<p>Po\u0161lete n\u00e1m zpr\u00e1vu Zaj\u00edm\u00e1 n\u00e1s V\u00e1\u0161 n\u00e1zor. Napi\u0161te n\u00e1m, co V\u00e1s tr\u00e1p\u00ed nebo co chcete v\u011bd\u011bt&#8230;.<\/p>\n","protected":false},"author":1,"featured_media":0,"parent":0,"menu_order":0,"comment_status":"closed","ping_status":"closed","template":"","meta":{"_acf_changed":false,"inline_featured_image":false,"_breakdance_hide_in_design_set":false,"_breakdance_tags":"","footnotes":"","_links_to":"","_links_to_target":""},"class_list":["post-28","page","type-page","status-publish","hentry"],"acf":[],"yoast_head":"<!-- This site is optimized with the Yoast SEO plugin v23.9 - https:\/\/yoast.com\/wordpress\/plugins\/seo\/ -->\n<title>Kontakty - Hnut\u00ed Generace<\/title>\n<meta name=\"robots\" content=\"index, follow, max-snippet:-1, max-image-preview:large, max-video-preview:-1\" \/>\n<link rel=\"canonical\" href=\"https:\/\/hnutigenerace.200.solutions\/?page_id=28\" \/>\n<meta property=\"og:locale\" content=\"cs_CZ\" \/>\n<meta property=\"og:type\" content=\"article\" \/>\n<meta property=\"og:title\" content=\"Kontakty - Hnut\u00ed Generace\" \/>\n<meta property=\"og:description\" content=\"Po\u0161lete n\u00e1m zpr\u00e1vu Zaj\u00edm\u00e1 n\u00e1s V\u00e1\u0161 n\u00e1zor. Napi\u0161te n\u00e1m, co V\u00e1s tr\u00e1p\u00ed nebo co chcete v\u011bd\u011bt....\" \/>\n<meta property=\"og:url\" content=\"https:\/\/hnutigenerace.200.solutions\/?page_id=28\" \/>\n<meta property=\"og:site_name\" content=\"Hnut\u00ed Generace\" \/>\n<meta property=\"article:modified_time\" content=\"2025-04-04T19:32:19+00:00\" \/>\n<meta name=\"twitter:card\" content=\"summary_large_image\" \/>\n<script type=\"application\/ld+json\" class=\"yoast-schema-graph\">{\"@context\":\"https:\/\/schema.org\",\"@graph\":[{\"@type\":\"WebPage\",\"@id\":\"https:\/\/hnutigenerace.200.solutions\/?page_id=28\",\"url\":\"https:\/\/hnutigenerace.200.solutions\/?page_id=28\",\"name\":\"Kontakty - Hnut\u00ed Generace\",\"isPartOf\":{\"@id\":\"https:\/\/hnutigenerace.200.solutions\/#website\"},\"datePublished\":\"2024-03-28T05:44:48+00:00\",\"dateModified\":\"2025-04-04T19:32:19+00:00\",\"breadcrumb\":{\"@id\":\"https:\/\/hnutigenerace.200.solutions\/?page_id=28#breadcrumb\"},\"inLanguage\":\"cs\",\"potentialAction\":[{\"@type\":\"ReadAction\",\"target\":[\"https:\/\/hnutigenerace.200.solutions\/?page_id=28\"]}]},{\"@type\":\"BreadcrumbList\",\"@id\":\"https:\/\/hnutigenerace.200.solutions\/?page_id=28#breadcrumb\",\"itemListElement\":[{\"@type\":\"ListItem\",\"position\":1,\"name\":\"Dom\u016f\",\"item\":\"https:\/\/hnutigenerace.200.solutions\/\"},{\"@type\":\"ListItem\",\"position\":2,\"name\":\"Kontakty\"}]},{\"@type\":\"WebSite\",\"@id\":\"https:\/\/hnutigenerace.200.solutions\/#website\",\"url\":\"https:\/\/hnutigenerace.200.solutions\/\",\"name\":\"Hnut\u00ed Generace\",\"description\":\"Chr\u00e1n\u00edme demokracii a n\u00e1rodn\u00ed z\u00e1jmy\",\"potentialAction\":[{\"@type\":\"SearchAction\",\"target\":{\"@type\":\"EntryPoint\",\"urlTemplate\":\"https:\/\/hnutigenerace.200.solutions\/?s={search_term_string}\"},\"query-input\":{\"@type\":\"PropertyValueSpecification\",\"valueRequired\":true,\"valueName\":\"search_term_string\"}}],\"inLanguage\":\"cs\"}]}<\/script>\n<!-- \/ Yoast SEO plugin. -->","yoast_head_json":{"title":"Kontakty - Hnut\u00ed Generace","robots":{"index":"index","follow":"follow","max-snippet":"max-snippet:-1","max-image-preview":"max-image-preview:large","max-video-preview":"max-video-preview:-1"},"canonical":"https:\/\/hnutigenerace.200.solutions\/?page_id=28","og_locale":"cs_CZ","og_type":"article","og_title":"Kontakty - Hnut\u00ed Generace","og_description":"Po\u0161lete n\u00e1m zpr\u00e1vu Zaj\u00edm\u00e1 n\u00e1s V\u00e1\u0161 n\u00e1zor. Napi\u0161te n\u00e1m, co V\u00e1s tr\u00e1p\u00ed nebo co chcete v\u011bd\u011bt....","og_url":"https:\/\/hnutigenerace.200.solutions\/?page_id=28","og_site_name":"Hnut\u00ed Generace","article_modified_time":"2025-04-04T19:32:19+00:00","twitter_card":"summary_large_image","schema":{"@context":"https:\/\/schema.org","@graph":[{"@type":"WebPage","@id":"https:\/\/hnutigenerace.200.solutions\/?page_id=28","url":"https:\/\/hnutigenerace.200.solutions\/?page_id=28","name":"Kontakty - Hnut\u00ed Generace","isPartOf":{"@id":"https:\/\/hnutigenerace.200.solutions\/#website"},"datePublished":"2024-03-28T05:44:48+00:00","dateModified":"2025-04-04T19:32:19+00:00","breadcrumb":{"@id":"https:\/\/hnutigenerace.200.solutions\/?page_id=28#breadcrumb"},"inLanguage":"cs","potentialAction":[{"@type":"ReadAction","target":["https:\/\/hnutigenerace.200.solutions\/?page_id=28"]}]},{"@type":"BreadcrumbList","@id":"https:\/\/hnutigenerace.200.solutions\/?page_id=28#breadcrumb","itemListElement":[{"@type":"ListItem","position":1,"name":"Dom\u016f","item":"https:\/\/hnutigenerace.200.solutions\/"},{"@type":"ListItem","position":2,"name":"Kontakty"}]},{"@type":"WebSite","@id":"https:\/\/hnutigenerace.200.solutions\/#website","url":"https:\/\/hnutigenerace.200.solutions\/","name":"Hnut\u00ed Generace","description":"Chr\u00e1n\u00edme demokracii a n\u00e1rodn\u00ed z\u00e1jmy","potentialAction":[{"@type":"SearchAction","target":{"@type":"EntryPoint","urlTemplate":"https:\/\/hnutigenerace.200.solutions\/?s={search_term_string}"},"query-input":{"@type":"PropertyValueSpecification","valueRequired":true,"valueName":"search_term_string"}}],"inLanguage":"cs"}]}},"_links":{"self":[{"href":"https:\/\/hnutigenerace.200.solutions\/index.php?rest_route=\/wp\/v2\/pages\/28","targetHints":{"allow":["GET"]}}],"collection":[{"href":"https:\/\/hnutigenerace.200.solutions\/index.php?rest_route=\/wp\/v2\/pages"}],"about":[{"href":"https:\/\/hnutigenerace.200.solutions\/index.php?rest_route=\/wp\/v2\/types\/page"}],"author":[{"embeddable":true,"href":"https:\/\/hnutigenerace.200.solutions\/index.php?rest_route=\/wp\/v2\/users\/1"}],"replies":[{"embeddable":true,"href":"https:\/\/hnutigenerace.200.solutions\/index.php?rest_route=%2Fwp%2Fv2%2Fcomments&post=28"}],"version-history":[{"count":33,"href":"https:\/\/hnutigenerace.200.solutions\/index.php?rest_route=\/wp\/v2\/pages\/28\/revisions"}],"predecessor-version":[{"id":2820,"href":"https:\/\/hnutigenerace.200.solutions\/index.php?rest_route=\/wp\/v2\/pages\/28\/revisions\/2820"}],"wp:attachment":[{"href":"https:\/\/hnutigenerace.200.solutions\/index.php?rest_route=%2Fwp%2Fv2%2Fmedia&parent=28"}],"curies":[{"name":"wp","href":"https:\/\/api.w.org\/{rel}","templated":true}]}}