{"id":740,"date":"2024-05-03T16:33:54","date_gmt":"2024-05-03T14:33:54","guid":{"rendered":"https:\/\/hnutigenerace.200.solutions.uvirt131.active24.cz\/?page_id=740"},"modified":"2024-11-07T18:09:22","modified_gmt":"2024-11-07T17:09:22","slug":"podporte-nas","status":"publish","type":"page","link":"https:\/\/hnutigenerace.200.solutions\/?page_id=740","title":{"rendered":"Podpo\u0159te n\u00e1s"},"content":{"rendered":"<section class=\"bde-section-740-109 bde-section\">\n  \n\t\n\n\n\n<div class=\"section-container\"><div class=\"bde-text-740-110 bde-text\">\n\u017d\u00e1dn\u00e1 politick\u00e1 strana se neobejde bez podpory sv\u00fdch p\u0159\u00edznivc\u016f, \u010dlen\u016f, podporovatel\u016f \u010di sponzor\u016f. Nefinan\u010dn\u00ed podpora dobrovoln\u00edk\u016f a financov\u00e1n\u00ed, a\u0165 u\u017e z vlastn\u00edch zdroj\u016f nebo ze st\u00e1tn\u00edch dotac\u00ed, pat\u0159\u00ed k z\u00e1kladn\u00edm kamen\u016fm nutn\u00fdch pro fungov\u00e1n\u00ed ka\u017ed\u00e9ho politick\u00e9ho subjektu.   <br><br>Hospoda\u0159en\u00ed politick\u00fdch stran se v \u010cesk\u00e9 republice \u0159\u00edd\u00ed z\u00e1konem \u010d. 424\/1991 Sb. o sdru\u017eov\u00e1n\u00ed v politick\u00fdch stran\u00e1ch a v politick\u00fdch hnut\u00edch. V Hnut\u00ed Generace jsme p\u0159ipraveni se t\u011bmito regulacemi bezezbytku dr\u017eet a ve\u0161kerou spolupr\u00e1ci s t\u0159et\u00edmi stranami, sponzory \u010di marketingov\u00fdmi partnery transparentn\u011b zve\u0159ej\u0148ovat. <br><br>V sou\u010dasn\u00e9 dob\u011b (kv\u011bten 2024) tvo\u0159\u00ed na\u0161e zdroje p\u0159edev\u0161\u00edm prost\u0159edky z na\u0161ich rodin a drobn\u00e9 dary na\u0161ich \u010dlen\u016f a podporovatel\u016f.<br>\n<\/div><h3 class=\"bde-heading-740-111 bde-heading\">\nJak n\u00e1s m\u016f\u017eete podpo\u0159it?\n<\/h3><ul class=\"bde-basic-list-740-113 bde-basic-list\">\n  <li  >    \n          sta\u0148te se na\u0161\u00edm \u010dlenem \n      <\/li>\n  <li  >    \n          sta\u0148te se dobrovoln\u00edkem v r\u00e1mci kampan\u011b \n      <\/li>\n  <li  >    \n          p\u0159idejte se mezi na\u0161e expertn\u00ed poradce\n      <\/li>\n  <li  >    \n          zapojte se v pr\u016fb\u011bhu l\u00e9ta do projektu Demokratick\u00fd kv\u00edz\n      <\/li>\n  <li  >    \n          sledujte n\u00e1\u0161 podcastov\u00fd kan\u00e1l Studia demokracie\n      <\/li>\n  <li  >    \n          odeb\u00edrejte novinky na na\u0161ich soci\u00e1ln\u00edch s\u00edt\u00edch\n      <\/li>\n<\/ul><h3 class=\"bde-heading-740-114 bde-heading\">\nSpolupr\u00e1ce se sponzory a don\u00e1tory\n<\/h3><div class=\"bde-text-740-116 bde-text\">\nPokud v\u00e1m jsou na\u0161e vize, program a c\u00edle bl\u00edzk\u00e9 a cht\u011bli byste na\u0161i \u010dinnost podpo\u0159it finan\u010dn\u00edm darem, kontaktujte n\u00e1s pros\u00edm. R\u00e1di se s v\u00e1mi sejdeme, probereme detaily va\u0161eho \u00famyslu a nalezneme cesty, jak tuto spolupr\u00e1ci co nejl\u00e9pe uchopit. \n<\/div><h3 class=\"bde-heading-740-117 bde-heading\">\nTransparentnost spolupr\u00e1ce \n<\/h3><div class=\"bde-text-740-118 bde-text\">\nKa\u017ed\u00e9 strategick\u00e9 partnerstv\u00ed, a\u0165 u\u017e se t\u00fdk\u00e1 poskytov\u00e1n\u00ed expertn\u00ed slu\u017eby,  reklamn\u00edho pln\u011bn\u00ed, konzultace, nebo sponzorsk\u00e9ho daru vn\u00edm\u00e1me velmi zodpov\u011bdn\u011b a z\u00e1vazn\u011b pro ob\u011b strany. Jist\u011b si \u017e\u00e1dn\u00e1 ze stran nep\u0159eje, aby pozd\u011bji takov\u00e9ho rozhodnut\u00ed litovala. Proto m\u00e1me v Hnut\u00ed Generace ka\u017edou takovou spolupr\u00e1ci podm\u00edn\u011bnou intern\u00edmi z\u00e1sadami o transparentnosti:  \n<\/div><ul class=\"bde-basic-list-740-119 bde-basic-list\">\n  <li  >    \n          anal\u00fdza rizik (na\u0161e bezpe\u010dnostn\u00ed z\u00e1sady) \n      <\/li>\n  <li  >    \n          uzav\u0159en\u00ed spolupr\u00e1ce na z\u00e1klad\u011b smlouvy (darovac\u00ed \u010di obchodn\u00ed) \n      <\/li>\n  <li  >    \n          dod\u00e1n\u00ed sjednan\u00e9ho pln\u011bn\u00ed   \n      <\/li>\n  <li  >    \n          fakturace\n      <\/li>\n<\/ul><div class=\"bde-text-740-120 bde-text\">\nV\u011b\u0159\u00edme, \u017ee s t\u011bmito podm\u00ednkami nebude m\u00edt \u017e\u00e1dn\u00fd partner, kter\u00fd p\u0159ich\u00e1z\u00ed s dobr\u00fdmi \u00famysly, probl\u00e9m. \n<\/div><\/div>\n<\/section><section class=\"bde-section-740-100 bde-section\">\n  \n\t\n\n\n\n<div class=\"section-container\"><div class=\"bde-div-740-101 bde-div\">\n  \n\t\n\n\n\n<div class=\"bde-columns-740-102 bde-columns\"><div class=\"bde-column-740-103 bde-column\">\n  \n\t\n\n\n\n<h3 class=\"bde-heading-740-104 bde-heading\">\nfand\u00edte n\u00e1m?<br>podpo\u0159te n\u00e1s!\n<\/h3><div class=\"bde-button-740-105 bde-button\">\n    \n                                    \n    \n    \n    \n    \n            \n                    \n            \n            \n\n    \n    \n    \n    \n    \n    <a class=\"breakdance-link button-atom button-atom--custom bde-button__button\" href=\"https:\/\/hnutigenerace.200.solutions\/varovani-pro-obcany\/\" target=\"_self\" data-type=\"url\"  >\n\n    \n        <span class=\"button-atom__text\">Podpo\u0159te n\u00e1s<\/span>\n\n        \n        \n                <\/a>\n\n    \n\n\n<\/div><div class=\"bde-text-740-106 bde-text\">\n\n<\/div>\n<\/div><div class=\"bde-column-740-107 bde-column\">\n  \n\t\n\n\n\n<div class=\"bde-image-740-108 bde-image\">\n<figure class=\"breakdance-image breakdance-image--895\">\n\t<div class=\"breakdance-image-container\">\n\t\t<div class=\"breakdance-image-clip\"><img loading=\"lazy\" decoding=\"async\" class=\"breakdance-image-object\" src=\"https:\/\/hnutigenerace.200.solutions\/wp-content\/uploads\/2024\/03\/hero_image_shield-1.png\" width=\"5139\" height=\"3168\" srcset=\"https:\/\/hnutigenerace.200.solutions\/wp-content\/uploads\/2024\/03\/hero_image_shield-1.png 5139w, https:\/\/hnutigenerace.200.solutions\/wp-content\/uploads\/2024\/03\/hero_image_shield-1-300x185.png 300w, https:\/\/hnutigenerace.200.solutions\/wp-content\/uploads\/2024\/03\/hero_image_shield-1-1024x631.png 1024w, https:\/\/hnutigenerace.200.solutions\/wp-content\/uploads\/2024\/03\/hero_image_shield-1-768x473.png 768w, https:\/\/hnutigenerace.200.solutions\/wp-content\/uploads\/2024\/03\/hero_image_shield-1-1536x947.png 1536w, https:\/\/hnutigenerace.200.solutions\/wp-content\/uploads\/2024\/03\/hero_image_shield-1-2048x1263.png 2048w, https:\/\/hnutigenerace.200.solutions\/wp-content\/uploads\/2024\/03\/hero_image_shield-1-600x370.png 600w\" sizes=\"auto, (max-width: 5139px) 100vw, 5139px\"><\/div>\n\t<\/div><\/figure>\n\n<\/div>\n<\/div><\/div>\n<\/div><\/div>\n<\/section>","protected":false},"excerpt":{"rendered":"<p>\u017d\u00e1dn\u00e1 politick\u00e1 strana se neobejde bez podpory sv\u00fdch p\u0159\u00edznivc\u016f, \u010dlen\u016f, podporovatel\u016f \u010di sponzor\u016f. Nefinan\u010dn\u00ed podpora dobrovoln\u00edk\u016f&#8230;<\/p>\n","protected":false},"author":1,"featured_media":0,"parent":0,"menu_order":0,"comment_status":"closed","ping_status":"closed","template":"","meta":{"_acf_changed":false,"inline_featured_image":false,"_breakdance_hide_in_design_set":false,"_breakdance_tags":"","footnotes":"","_links_to":"","_links_to_target":""},"class_list":["post-740","page","type-page","status-publish","hentry"],"acf":[],"yoast_head":"<!-- This site is optimized with the Yoast SEO plugin v23.9 - https:\/\/yoast.com\/wordpress\/plugins\/seo\/ -->\n<title>Podpo\u0159te n\u00e1s - Hnut\u00ed Generace<\/title>\n<meta name=\"robots\" content=\"index, follow, max-snippet:-1, max-image-preview:large, max-video-preview:-1\" \/>\n<link rel=\"canonical\" href=\"https:\/\/hnutigenerace.200.solutions\/?page_id=740\" \/>\n<meta property=\"og:locale\" content=\"cs_CZ\" \/>\n<meta property=\"og:type\" content=\"article\" \/>\n<meta property=\"og:title\" content=\"Podpo\u0159te n\u00e1s - Hnut\u00ed Generace\" \/>\n<meta property=\"og:description\" content=\"\u017d\u00e1dn\u00e1 politick\u00e1 strana se neobejde bez podpory sv\u00fdch p\u0159\u00edznivc\u016f, \u010dlen\u016f, podporovatel\u016f \u010di sponzor\u016f. Nefinan\u010dn\u00ed podpora dobrovoln\u00edk\u016f...\" \/>\n<meta property=\"og:url\" content=\"https:\/\/hnutigenerace.200.solutions\/?page_id=740\" \/>\n<meta property=\"og:site_name\" content=\"Hnut\u00ed Generace\" \/>\n<meta property=\"article:modified_time\" content=\"2024-11-07T17:09:22+00:00\" \/>\n<meta name=\"twitter:card\" content=\"summary_large_image\" \/>\n<meta name=\"twitter:label1\" content=\"Odhadovan\u00e1 doba \u010dten\u00ed\" \/>\n\t<meta name=\"twitter:data1\" content=\"2 minuty\" \/>\n<script type=\"application\/ld+json\" class=\"yoast-schema-graph\">{\"@context\":\"https:\/\/schema.org\",\"@graph\":[{\"@type\":\"WebPage\",\"@id\":\"https:\/\/hnutigenerace.200.solutions\/?page_id=740\",\"url\":\"https:\/\/hnutigenerace.200.solutions\/?page_id=740\",\"name\":\"Podpo\u0159te n\u00e1s - Hnut\u00ed Generace\",\"isPartOf\":{\"@id\":\"https:\/\/hnutigenerace.200.solutions\/#website\"},\"datePublished\":\"2024-05-03T14:33:54+00:00\",\"dateModified\":\"2024-11-07T17:09:22+00:00\",\"breadcrumb\":{\"@id\":\"https:\/\/hnutigenerace.200.solutions\/?page_id=740#breadcrumb\"},\"inLanguage\":\"cs\",\"potentialAction\":[{\"@type\":\"ReadAction\",\"target\":[\"https:\/\/hnutigenerace.200.solutions\/?page_id=740\"]}]},{\"@type\":\"BreadcrumbList\",\"@id\":\"https:\/\/hnutigenerace.200.solutions\/?page_id=740#breadcrumb\",\"itemListElement\":[{\"@type\":\"ListItem\",\"position\":1,\"name\":\"Dom\u016f\",\"item\":\"https:\/\/hnutigenerace.200.solutions\/\"},{\"@type\":\"ListItem\",\"position\":2,\"name\":\"Podpo\u0159te n\u00e1s\"}]},{\"@type\":\"WebSite\",\"@id\":\"https:\/\/hnutigenerace.200.solutions\/#website\",\"url\":\"https:\/\/hnutigenerace.200.solutions\/\",\"name\":\"Hnut\u00ed Generace\",\"description\":\"Chr\u00e1n\u00edme demokracii a n\u00e1rodn\u00ed z\u00e1jmy\",\"potentialAction\":[{\"@type\":\"SearchAction\",\"target\":{\"@type\":\"EntryPoint\",\"urlTemplate\":\"https:\/\/hnutigenerace.200.solutions\/?s={search_term_string}\"},\"query-input\":{\"@type\":\"PropertyValueSpecification\",\"valueRequired\":true,\"valueName\":\"search_term_string\"}}],\"inLanguage\":\"cs\"}]}<\/script>\n<!-- \/ Yoast SEO plugin. -->","yoast_head_json":{"title":"Podpo\u0159te n\u00e1s - Hnut\u00ed Generace","robots":{"index":"index","follow":"follow","max-snippet":"max-snippet:-1","max-image-preview":"max-image-preview:large","max-video-preview":"max-video-preview:-1"},"canonical":"https:\/\/hnutigenerace.200.solutions\/?page_id=740","og_locale":"cs_CZ","og_type":"article","og_title":"Podpo\u0159te n\u00e1s - Hnut\u00ed Generace","og_description":"\u017d\u00e1dn\u00e1 politick\u00e1 strana se neobejde bez podpory sv\u00fdch p\u0159\u00edznivc\u016f, \u010dlen\u016f, podporovatel\u016f \u010di sponzor\u016f. Nefinan\u010dn\u00ed podpora dobrovoln\u00edk\u016f...","og_url":"https:\/\/hnutigenerace.200.solutions\/?page_id=740","og_site_name":"Hnut\u00ed Generace","article_modified_time":"2024-11-07T17:09:22+00:00","twitter_card":"summary_large_image","twitter_misc":{"Odhadovan\u00e1 doba \u010dten\u00ed":"2 minuty"},"schema":{"@context":"https:\/\/schema.org","@graph":[{"@type":"WebPage","@id":"https:\/\/hnutigenerace.200.solutions\/?page_id=740","url":"https:\/\/hnutigenerace.200.solutions\/?page_id=740","name":"Podpo\u0159te n\u00e1s - Hnut\u00ed Generace","isPartOf":{"@id":"https:\/\/hnutigenerace.200.solutions\/#website"},"datePublished":"2024-05-03T14:33:54+00:00","dateModified":"2024-11-07T17:09:22+00:00","breadcrumb":{"@id":"https:\/\/hnutigenerace.200.solutions\/?page_id=740#breadcrumb"},"inLanguage":"cs","potentialAction":[{"@type":"ReadAction","target":["https:\/\/hnutigenerace.200.solutions\/?page_id=740"]}]},{"@type":"BreadcrumbList","@id":"https:\/\/hnutigenerace.200.solutions\/?page_id=740#breadcrumb","itemListElement":[{"@type":"ListItem","position":1,"name":"Dom\u016f","item":"https:\/\/hnutigenerace.200.solutions\/"},{"@type":"ListItem","position":2,"name":"Podpo\u0159te n\u00e1s"}]},{"@type":"WebSite","@id":"https:\/\/hnutigenerace.200.solutions\/#website","url":"https:\/\/hnutigenerace.200.solutions\/","name":"Hnut\u00ed Generace","description":"Chr\u00e1n\u00edme demokracii a n\u00e1rodn\u00ed z\u00e1jmy","potentialAction":[{"@type":"SearchAction","target":{"@type":"EntryPoint","urlTemplate":"https:\/\/hnutigenerace.200.solutions\/?s={search_term_string}"},"query-input":{"@type":"PropertyValueSpecification","valueRequired":true,"valueName":"search_term_string"}}],"inLanguage":"cs"}]}},"_links":{"self":[{"href":"https:\/\/hnutigenerace.200.solutions\/index.php?rest_route=\/wp\/v2\/pages\/740","targetHints":{"allow":["GET"]}}],"collection":[{"href":"https:\/\/hnutigenerace.200.solutions\/index.php?rest_route=\/wp\/v2\/pages"}],"about":[{"href":"https:\/\/hnutigenerace.200.solutions\/index.php?rest_route=\/wp\/v2\/types\/page"}],"author":[{"embeddable":true,"href":"https:\/\/hnutigenerace.200.solutions\/index.php?rest_route=\/wp\/v2\/users\/1"}],"replies":[{"embeddable":true,"href":"https:\/\/hnutigenerace.200.solutions\/index.php?rest_route=%2Fwp%2Fv2%2Fcomments&post=740"}],"version-history":[{"count":15,"href":"https:\/\/hnutigenerace.200.solutions\/index.php?rest_route=\/wp\/v2\/pages\/740\/revisions"}],"predecessor-version":[{"id":1809,"href":"https:\/\/hnutigenerace.200.solutions\/index.php?rest_route=\/wp\/v2\/pages\/740\/revisions\/1809"}],"wp:attachment":[{"href":"https:\/\/hnutigenerace.200.solutions\/index.php?rest_route=%2Fwp%2Fv2%2Fmedia&parent=740"}],"curies":[{"name":"wp","href":"https:\/\/api.w.org\/{rel}","templated":true}]}}