{"id":767,"date":"2024-05-05T12:41:13","date_gmt":"2024-05-05T10:41:13","guid":{"rendered":"https:\/\/hnutigenerace.200.solutions.uvirt131.active24.cz\/?page_id=767"},"modified":"2025-05-27T01:30:27","modified_gmt":"2025-05-26T23:30:27","slug":"varovani-pro-obcany","status":"publish","type":"page","link":"https:\/\/hnutigenerace.200.solutions\/?page_id=767","title":{"rendered":"Podpo\u0159te Hnut\u00ed Generace"},"content":{"rendered":"<section class=\"bde-section-767-100 bde-section\">\n  \n\t\n\n\n\n<div class=\"section-container\"><div class=\"bde-div-767-109 bde-div\">\n  \n\t\n\n\n\n<div class=\"bde-columns-767-102 bde-columns\"><div class=\"bde-column-767-103 bde-column\">\n  \n\t\n\n\n\n<h2 class=\"bde-heading-767-104 bde-heading\">\nCHRA\u0147TE SVOJ\u00cd DEMOKRATICKOU BUDOUCNOST\n<\/h2><div class=\"bde-text-767-110 bde-text\">\nV\u00e1\u0161 skromn\u00fd p\u0159\u00edsp\u011bvek na kampa\u0148:\u00a0<span style='font-weight: bold;'>30, 50, 100 korun<\/span> n\u00e1m moc pom\u016f\u017ee.\n<\/div><div class=\"bde-text-767-106 bde-text\">\n\n<\/div>\n<\/div><div class=\"bde-column-767-107 bde-column\">\n  \n\t\n\n\n\n<div class=\"bde-image-767-108 bde-image\">\n<figure class=\"breakdance-image breakdance-image--665\">\n\t<div class=\"breakdance-image-container\">\n\t\t<div class=\"breakdance-image-clip\"><img loading=\"lazy\" decoding=\"async\" class=\"breakdance-image-object\" src=\"https:\/\/hnutigenerace.200.solutions\/wp-content\/uploads\/2024\/05\/dan.png\" width=\"2290\" height=\"2272\" srcset=\"https:\/\/hnutigenerace.200.solutions\/wp-content\/uploads\/2024\/05\/dan.png 2290w, https:\/\/hnutigenerace.200.solutions\/wp-content\/uploads\/2024\/05\/dan-300x298.png 300w, https:\/\/hnutigenerace.200.solutions\/wp-content\/uploads\/2024\/05\/dan-1024x1016.png 1024w, https:\/\/hnutigenerace.200.solutions\/wp-content\/uploads\/2024\/05\/dan-150x150.png 150w, https:\/\/hnutigenerace.200.solutions\/wp-content\/uploads\/2024\/05\/dan-768x762.png 768w, https:\/\/hnutigenerace.200.solutions\/wp-content\/uploads\/2024\/05\/dan-1536x1524.png 1536w, https:\/\/hnutigenerace.200.solutions\/wp-content\/uploads\/2024\/05\/dan-2048x2032.png 2048w, https:\/\/hnutigenerace.200.solutions\/wp-content\/uploads\/2024\/05\/dan-600x595.png 600w, https:\/\/hnutigenerace.200.solutions\/wp-content\/uploads\/2024\/05\/dan-100x100.png 100w\" sizes=\"auto, (max-width: 2290px) 100vw, 2290px\"><\/div>\n\t<\/div><\/figure>\n\n<\/div>\n<\/div><\/div><div class=\"bde-fancy-divider-767-111 bde-fancy-divider\">\n\n\n<div class=\"bde-fancy-divider__wrapper\">\n  <div class=\"bde-fancy-divider__separator   \">\n  \t  <\/div>\n<\/div>\n\n<\/div><div class=\"bde-columns-767-112 bde-columns\"><div class=\"bde-column-767-113 bde-column\">\n  \n\t\n\n\n\n<div class=\"bde-image-767-116 bde-image\">\n<figure class=\"breakdance-image breakdance-image--1662\">\n\t<div class=\"breakdance-image-container\">\n\t\t<div class=\"breakdance-image-clip\"><img loading=\"lazy\" decoding=\"async\" class=\"breakdance-image-object\" src=\"https:\/\/hnutigenerace.200.solutions\/wp-content\/uploads\/2024\/06\/qr-30.png\" width=\"528\" height=\"528\" srcset=\"https:\/\/hnutigenerace.200.solutions\/wp-content\/uploads\/2024\/06\/qr-30.png 528w, https:\/\/hnutigenerace.200.solutions\/wp-content\/uploads\/2024\/06\/qr-30-300x300.png 300w, https:\/\/hnutigenerace.200.solutions\/wp-content\/uploads\/2024\/06\/qr-30-150x150.png 150w, https:\/\/hnutigenerace.200.solutions\/wp-content\/uploads\/2024\/06\/qr-30-100x100.png 100w\" sizes=\"auto, (max-width: 528px) 100vw, 528px\"><\/div>\n\t<\/div><\/figure>\n\n<\/div><div class=\"bde-text-767-117 bde-text\">\n30,- K\u010d\n<\/div>\n<\/div><div class=\"bde-column-767-114 bde-column\">\n  \n\t\n\n\n\n<div class=\"bde-image-767-118 bde-image\">\n<figure class=\"breakdance-image breakdance-image--1663\">\n\t<div class=\"breakdance-image-container\">\n\t\t<div class=\"breakdance-image-clip\"><img loading=\"lazy\" decoding=\"async\" class=\"breakdance-image-object\" src=\"https:\/\/hnutigenerace.200.solutions\/wp-content\/uploads\/2024\/06\/qr-50.png\" width=\"528\" height=\"528\" srcset=\"https:\/\/hnutigenerace.200.solutions\/wp-content\/uploads\/2024\/06\/qr-50.png 528w, https:\/\/hnutigenerace.200.solutions\/wp-content\/uploads\/2024\/06\/qr-50-300x300.png 300w, https:\/\/hnutigenerace.200.solutions\/wp-content\/uploads\/2024\/06\/qr-50-150x150.png 150w, https:\/\/hnutigenerace.200.solutions\/wp-content\/uploads\/2024\/06\/qr-50-100x100.png 100w\" sizes=\"auto, (max-width: 528px) 100vw, 528px\"><\/div>\n\t<\/div><\/figure>\n\n<\/div><div class=\"bde-text-767-120 bde-text\">\n50,- K\u010d\n<\/div>\n<\/div><div class=\"bde-column-767-115 bde-column\">\n  \n\t\n\n\n\n<div class=\"bde-image-767-119 bde-image\">\n<figure class=\"breakdance-image breakdance-image--1664\">\n\t<div class=\"breakdance-image-container\">\n\t\t<div class=\"breakdance-image-clip\"><img loading=\"lazy\" decoding=\"async\" class=\"breakdance-image-object\" src=\"https:\/\/hnutigenerace.200.solutions\/wp-content\/uploads\/2024\/06\/qr-100.png\" width=\"528\" height=\"528\" srcset=\"https:\/\/hnutigenerace.200.solutions\/wp-content\/uploads\/2024\/06\/qr-100.png 528w, https:\/\/hnutigenerace.200.solutions\/wp-content\/uploads\/2024\/06\/qr-100-300x300.png 300w, https:\/\/hnutigenerace.200.solutions\/wp-content\/uploads\/2024\/06\/qr-100-150x150.png 150w, https:\/\/hnutigenerace.200.solutions\/wp-content\/uploads\/2024\/06\/qr-100-100x100.png 100w\" sizes=\"auto, (max-width: 528px) 100vw, 528px\"><\/div>\n\t<\/div><\/figure>\n\n<\/div><div class=\"bde-text-767-121 bde-text\">\n100,- K\u010d\n<\/div>\n<\/div><\/div><div class=\"bde-text-767-122 bde-text\">\n<span style='color: red'>*<\/span> POZOR! Ne\u017e po\u0161lete QR k\u00f3dem platbu, tak mus\u00edte nejprve v mobiln\u00ed aplikaci do rubriky - Zpr\u00e1va pro p\u0159\u00edjemce, napsat n\u00e1sleduj\u00edc\u00ed: DAR - Va\u0161e jm\u00e9no a p\u0159\u00edjemn\u00ed.  \n<\/div><div class=\"bde-text-767-127 bde-text\">\n<span style='color: white'>*<\/span> Platbu m\u016f\u017eete prov\u00e9st naskenov\u00e1n\u00edm p\u0159\u00edslu\u0161n\u00e9ho QR k\u00f3du Va\u0161\u00ed bankovn\u00ed aplikac\u00ed. Rovn\u011b\u017e m\u016f\u017eete darovat libovolnou \u010d\u00e1stku p\u0159evodem na transparentn\u00ed \u00fa\u010det Hnut\u00ed Generace 7165095003\/5500.\n<\/div><div class=\"bde-code-block-767-123 bde-code-block\">\n\n  <script>\nfunction copyToClipboard() {\n  const accountNumber = '7165095003\/5500';\n  const tempInput = document.createElement('input');\n  document.body.appendChild(tempInput);\n  tempInput.value = accountNumber;\n  tempInput.select();\n  document.execCommand('copy');\n  document.body.removeChild(tempInput);\n  alert('\u010c\u00edslo \u00fa\u010dtu bylo zkop\u00edrov\u00e1no do schr\u00e1nky: ' + accountNumber);\n}  \n<\/script>\n\n<button class=\"copy-btn\" onclick=\"copyToClipboard()\">Zkop\u00edrovat \u010d. \u00fa\u010dtu<\/button>\n\n\n<\/div>\n<\/div><div class=\"bde-text-767-124 bde-text\">\nTransparentn\u00ed \u00fa\u010dty Hnut\u00ed Generace\n<\/div><div id=\"transparentni-ucty\" class=\"bde-div-767-128 bde-div\">\n  \n\t\n\n\n\n<div class=\"bde-code-block-767-126 bde-code-block\">\n\n  <figure class=\"wp-block-table\">\n   <table>\n      <thead>\n         <tr>\n            <th>N\u00e1zev<\/th>\n            <th>\u010c\u00edslo \u00fa\u010dtu<\/th>\n         <\/tr>\n      <\/thead>\n      <tbody>\n         <tr>\n            <td>Hnut\u00ed Generace provozn\u00ed \u00fa\u010det pro ostatn\u00ed p\u0159\u00edjmy a v\u00fddaje<\/td>\n            <td><a href=\"https:\/\/www.rb.cz\/povinne-zverejnovane-informace\/transparentni-ucty?path=transactions&accountNumber=7165095011\" target=\"_blank\" rel=\"noreferrer noopener\">7165095011\/5500<\/a><\/td>\n         <\/tr>\n  \n   \t\t<tr>\n            <td>Hnut\u00ed Generace volebn\u00ed \u00fa\u010det pro financov\u00e1n\u00ed volebn\u00ed kampan\u011b voleb do PSP\u010cR v r. 2025<\/td>\n            <td><a href=\"https:\/\/www.rb.cz\/povinne-zverejnovane-informace\/transparentni-ucty?path=transactions&accountNumber=7165095038\" target=\"_blank\" rel=\"noreferrer noopener\">7165095038\/5500<\/a><\/td>\n         <\/tr>\n              \n         <tr>\n            <td>Hnut\u00ed Generace zvl\u00e1\u0161tn\u00ed \u00fa\u010det pro p\u0159\u00edsp.ze st\u00e1t.rozpo\u010dtu, p\u0159\u00edjmy z dar\u016f a jin\u00fdch bez\u00faplatn\u00fdch pln\u011bn\u00ed<\/td>\n            <td><a href=\"https:\/\/www.rb.cz\/povinne-zverejnovane-informace\/transparentni-ucty?path=transactions&accountNumber=7165095003\" target=\"_blank\" rel=\"noreferrer noopener\">7165095003\/5500<\/a><\/td>\n         <\/tr>\n      <\/tbody>\n   <\/table>\n<\/figure>\n\n\n<\/div>\n<\/div><\/div>\n<\/section>","protected":false},"excerpt":{"rendered":"<p>CHRA\u0147TE SVOJ\u00cd DEMOKRATICKOU BUDOUCNOST V\u00e1\u0161 skromn\u00fd p\u0159\u00edsp\u011bvek na kampa\u0148:\u00a030, 50, 100 korun n\u00e1m moc pom\u016f\u017ee. 30,-&#8230;<\/p>\n","protected":false},"author":1,"featured_media":0,"parent":740,"menu_order":0,"comment_status":"closed","ping_status":"closed","template":"","meta":{"_acf_changed":false,"inline_featured_image":false,"_breakdance_hide_in_design_set":false,"_breakdance_tags":"","footnotes":"","_links_to":"","_links_to_target":""},"class_list":["post-767","page","type-page","status-publish","hentry"],"acf":[],"yoast_head":"<!-- This site is optimized with the Yoast SEO plugin v23.9 - https:\/\/yoast.com\/wordpress\/plugins\/seo\/ -->\n<title>Podpo\u0159te Hnut\u00ed Generace - Hnut\u00ed Generace<\/title>\n<meta name=\"robots\" content=\"index, follow, max-snippet:-1, max-image-preview:large, max-video-preview:-1\" \/>\n<link rel=\"canonical\" href=\"https:\/\/hnutigenerace.200.solutions\/?page_id=767\" \/>\n<meta property=\"og:locale\" content=\"cs_CZ\" \/>\n<meta property=\"og:type\" content=\"article\" \/>\n<meta property=\"og:title\" content=\"Podpo\u0159te Hnut\u00ed Generace - Hnut\u00ed Generace\" \/>\n<meta property=\"og:description\" content=\"CHRA\u0147TE SVOJ\u00cd DEMOKRATICKOU BUDOUCNOST V\u00e1\u0161 skromn\u00fd p\u0159\u00edsp\u011bvek na kampa\u0148:\u00a030, 50, 100 korun n\u00e1m moc pom\u016f\u017ee. 30,-...\" \/>\n<meta property=\"og:url\" content=\"https:\/\/hnutigenerace.200.solutions\/?page_id=767\" \/>\n<meta property=\"og:site_name\" content=\"Hnut\u00ed Generace\" \/>\n<meta property=\"article:modified_time\" content=\"2025-05-26T23:30:27+00:00\" \/>\n<meta name=\"twitter:card\" content=\"summary_large_image\" \/>\n<meta name=\"twitter:label1\" content=\"Odhadovan\u00e1 doba \u010dten\u00ed\" \/>\n\t<meta name=\"twitter:data1\" content=\"2 minuty\" \/>\n<script type=\"application\/ld+json\" class=\"yoast-schema-graph\">{\"@context\":\"https:\/\/schema.org\",\"@graph\":[{\"@type\":\"WebPage\",\"@id\":\"https:\/\/hnutigenerace.200.solutions\/?page_id=767\",\"url\":\"https:\/\/hnutigenerace.200.solutions\/?page_id=767\",\"name\":\"Podpo\u0159te Hnut\u00ed Generace - Hnut\u00ed Generace\",\"isPartOf\":{\"@id\":\"https:\/\/hnutigenerace.200.solutions\/#website\"},\"datePublished\":\"2024-05-05T10:41:13+00:00\",\"dateModified\":\"2025-05-26T23:30:27+00:00\",\"breadcrumb\":{\"@id\":\"https:\/\/hnutigenerace.200.solutions\/?page_id=767#breadcrumb\"},\"inLanguage\":\"cs\",\"potentialAction\":[{\"@type\":\"ReadAction\",\"target\":[\"https:\/\/hnutigenerace.200.solutions\/?page_id=767\"]}]},{\"@type\":\"BreadcrumbList\",\"@id\":\"https:\/\/hnutigenerace.200.solutions\/?page_id=767#breadcrumb\",\"itemListElement\":[{\"@type\":\"ListItem\",\"position\":1,\"name\":\"Dom\u016f\",\"item\":\"https:\/\/hnutigenerace.200.solutions\/\"},{\"@type\":\"ListItem\",\"position\":2,\"name\":\"Podpo\u0159te n\u00e1s\",\"item\":\"https:\/\/hnutigenerace.200.solutions\/?page_id=740\"},{\"@type\":\"ListItem\",\"position\":3,\"name\":\"Podpo\u0159te Hnut\u00ed Generace\"}]},{\"@type\":\"WebSite\",\"@id\":\"https:\/\/hnutigenerace.200.solutions\/#website\",\"url\":\"https:\/\/hnutigenerace.200.solutions\/\",\"name\":\"Hnut\u00ed Generace\",\"description\":\"Chr\u00e1n\u00edme demokracii a n\u00e1rodn\u00ed z\u00e1jmy\",\"potentialAction\":[{\"@type\":\"SearchAction\",\"target\":{\"@type\":\"EntryPoint\",\"urlTemplate\":\"https:\/\/hnutigenerace.200.solutions\/?s={search_term_string}\"},\"query-input\":{\"@type\":\"PropertyValueSpecification\",\"valueRequired\":true,\"valueName\":\"search_term_string\"}}],\"inLanguage\":\"cs\"}]}<\/script>\n<!-- \/ Yoast SEO plugin. -->","yoast_head_json":{"title":"Podpo\u0159te Hnut\u00ed Generace - Hnut\u00ed Generace","robots":{"index":"index","follow":"follow","max-snippet":"max-snippet:-1","max-image-preview":"max-image-preview:large","max-video-preview":"max-video-preview:-1"},"canonical":"https:\/\/hnutigenerace.200.solutions\/?page_id=767","og_locale":"cs_CZ","og_type":"article","og_title":"Podpo\u0159te Hnut\u00ed Generace - Hnut\u00ed Generace","og_description":"CHRA\u0147TE SVOJ\u00cd DEMOKRATICKOU BUDOUCNOST V\u00e1\u0161 skromn\u00fd p\u0159\u00edsp\u011bvek na kampa\u0148:\u00a030, 50, 100 korun n\u00e1m moc pom\u016f\u017ee. 30,-...","og_url":"https:\/\/hnutigenerace.200.solutions\/?page_id=767","og_site_name":"Hnut\u00ed Generace","article_modified_time":"2025-05-26T23:30:27+00:00","twitter_card":"summary_large_image","twitter_misc":{"Odhadovan\u00e1 doba \u010dten\u00ed":"2 minuty"},"schema":{"@context":"https:\/\/schema.org","@graph":[{"@type":"WebPage","@id":"https:\/\/hnutigenerace.200.solutions\/?page_id=767","url":"https:\/\/hnutigenerace.200.solutions\/?page_id=767","name":"Podpo\u0159te Hnut\u00ed Generace - Hnut\u00ed Generace","isPartOf":{"@id":"https:\/\/hnutigenerace.200.solutions\/#website"},"datePublished":"2024-05-05T10:41:13+00:00","dateModified":"2025-05-26T23:30:27+00:00","breadcrumb":{"@id":"https:\/\/hnutigenerace.200.solutions\/?page_id=767#breadcrumb"},"inLanguage":"cs","potentialAction":[{"@type":"ReadAction","target":["https:\/\/hnutigenerace.200.solutions\/?page_id=767"]}]},{"@type":"BreadcrumbList","@id":"https:\/\/hnutigenerace.200.solutions\/?page_id=767#breadcrumb","itemListElement":[{"@type":"ListItem","position":1,"name":"Dom\u016f","item":"https:\/\/hnutigenerace.200.solutions\/"},{"@type":"ListItem","position":2,"name":"Podpo\u0159te n\u00e1s","item":"https:\/\/hnutigenerace.200.solutions\/?page_id=740"},{"@type":"ListItem","position":3,"name":"Podpo\u0159te Hnut\u00ed Generace"}]},{"@type":"WebSite","@id":"https:\/\/hnutigenerace.200.solutions\/#website","url":"https:\/\/hnutigenerace.200.solutions\/","name":"Hnut\u00ed Generace","description":"Chr\u00e1n\u00edme demokracii a n\u00e1rodn\u00ed z\u00e1jmy","potentialAction":[{"@type":"SearchAction","target":{"@type":"EntryPoint","urlTemplate":"https:\/\/hnutigenerace.200.solutions\/?s={search_term_string}"},"query-input":{"@type":"PropertyValueSpecification","valueRequired":true,"valueName":"search_term_string"}}],"inLanguage":"cs"}]}},"_links":{"self":[{"href":"https:\/\/hnutigenerace.200.solutions\/index.php?rest_route=\/wp\/v2\/pages\/767","targetHints":{"allow":["GET"]}}],"collection":[{"href":"https:\/\/hnutigenerace.200.solutions\/index.php?rest_route=\/wp\/v2\/pages"}],"about":[{"href":"https:\/\/hnutigenerace.200.solutions\/index.php?rest_route=\/wp\/v2\/types\/page"}],"author":[{"embeddable":true,"href":"https:\/\/hnutigenerace.200.solutions\/index.php?rest_route=\/wp\/v2\/users\/1"}],"replies":[{"embeddable":true,"href":"https:\/\/hnutigenerace.200.solutions\/index.php?rest_route=%2Fwp%2Fv2%2Fcomments&post=767"}],"version-history":[{"count":49,"href":"https:\/\/hnutigenerace.200.solutions\/index.php?rest_route=\/wp\/v2\/pages\/767\/revisions"}],"predecessor-version":[{"id":3023,"href":"https:\/\/hnutigenerace.200.solutions\/index.php?rest_route=\/wp\/v2\/pages\/767\/revisions\/3023"}],"up":[{"embeddable":true,"href":"https:\/\/hnutigenerace.200.solutions\/index.php?rest_route=\/wp\/v2\/pages\/740"}],"wp:attachment":[{"href":"https:\/\/hnutigenerace.200.solutions\/index.php?rest_route=%2Fwp%2Fv2%2Fmedia&parent=767"}],"curies":[{"name":"wp","href":"https:\/\/api.w.org\/{rel}","templated":true}]}}